{"id":8,"date":"2017-04-10T10:02:45","date_gmt":"2017-04-10T08:02:45","guid":{"rendered":"http:\/\/catherineroncin.fr\/?page_id=8"},"modified":"2017-05-17T21:10:54","modified_gmt":"2017-05-17T19:10:54","slug":"sur-mesure","status":"publish","type":"page","link":"http:\/\/catherineroncin.fr\/index.php\/sur-mesure\/","title":{"rendered":"Sur mesure"},"content":{"rendered":"<p>Pour une c\u00e9r\u00e9monie, un \u00e9v\u00e9nement exceptionnel, Catherine Roncin adapte sur mesure un de ses <a href=\"http:\/\/catherineroncin.fr\/index.php\/collections\/\">mod\u00e8les<\/a> en harmonie avec votre tenue et votre personnalit\u00e9.<\/p>\n<p><a href=\"http:\/\/catherineroncin.fr\/index.php\/contact\/\"><em>sur rendez-vous<\/em><\/a><\/p>\n<p><img decoding=\"async\" loading=\"lazy\" class=\"alignnone wp-image-37 size-full\" src=\"http:\/\/catherineroncin.fr\/wp-content\/uploads\/2017\/04\/catherineroncin11.jpg\" alt=\"\" width=\"768\" height=\"1024\" srcset=\"http:\/\/catherineroncin.fr\/wp-content\/uploads\/2017\/04\/catherineroncin11.jpg 768w, http:\/\/catherineroncin.fr\/wp-content\/uploads\/2017\/04\/catherineroncin11-225x300.jpg 225w\" sizes=\"(max-width: 706px) 89vw, (max-width: 767px) 82vw, 740px\" \/><\/p>\n","protected":false},"excerpt":{"rendered":"<p>Pour une c\u00e9r\u00e9monie, un \u00e9v\u00e9nement exceptionnel, Catherine Roncin adapte sur mesure un de ses mod\u00e8les en harmonie avec votre tenue et votre personnalit\u00e9. sur rendez-vous<\/p>\n","protected":false},"author":1,"featured_media":0,"parent":0,"menu_order":0,"comment_status":"closed","ping_status":"closed","template":"","meta":[],"_links":{"self":[{"href":"http:\/\/catherineroncin.fr\/index.php\/wp-json\/wp\/v2\/pages\/8"}],"collection":[{"href":"http:\/\/catherineroncin.fr\/index.php\/wp-json\/wp\/v2\/pages"}],"about":[{"href":"http:\/\/catherineroncin.fr\/index.php\/wp-json\/wp\/v2\/types\/page"}],"author":[{"embeddable":true,"href":"http:\/\/catherineroncin.fr\/index.php\/wp-json\/wp\/v2\/users\/1"}],"replies":[{"embeddable":true,"href":"http:\/\/catherineroncin.fr\/index.php\/wp-json\/wp\/v2\/comments?post=8"}],"version-history":[{"count":6,"href":"http:\/\/catherineroncin.fr\/index.php\/wp-json\/wp\/v2\/pages\/8\/revisions"}],"predecessor-version":[{"id":67,"href":"http:\/\/catherineroncin.fr\/index.php\/wp-json\/wp\/v2\/pages\/8\/revisions\/67"}],"wp:attachment":[{"href":"http:\/\/catherineroncin.fr\/index.php\/wp-json\/wp\/v2\/media?parent=8"}],"curies":[{"name":"wp","href":"https:\/\/api.w.org\/{rel}","templated":true}]}}